{"id":32,"date":"2021-05-19T17:24:59","date_gmt":"2021-05-19T15:24:59","guid":{"rendered":"http:\/\/corner.umh.es\/?page_id=32"},"modified":"2021-10-01T20:09:03","modified_gmt":"2021-10-01T18:09:03","slug":"objetivos","status":"publish","type":"page","link":"https:\/\/corner.umh.es\/ca\/objetivos\/","title":{"rendered":"Objectius"},"content":{"rendered":"<p>L&#8217;objectiu d&#8217;aquest projecte \u00e9s determinar els mecanismes que controlen la reinnervaci\u00f3 de la c\u00f2rnia despr\u00e9s de lesions espont\u00e0nies o indu\u00efdes (cirurgia ocular), aix\u00ed com el paper que en aquesta tenen les c\u00e8l\u00b7lules epitelials de la c\u00f2rnia. Utilitzant aquesta informaci\u00f3 tractarem d&#8217;implementar aproximacions terap\u00e8utiques noves que milloren la reinnervaci\u00f3 i l&#8217;estat de l&#8217;epiteli corneal despr\u00e9s de l&#8217;axotom\u00eda. En concret, s&#8217;ha d&#8217;assajar l&#8217;efic\u00e0cia de l&#8217;tractament amb diferents citocines neurotr\u00f2fiques ben conegudes, i altres identificades en aquest projecte en la regeneraci\u00f3 nerviosa, aix\u00ed com l&#8217;efic\u00e0cia de l&#8217;tractament amb aquests agents en el manteniment d&#8217;un estat tr\u00f2fic normal de la c\u00f2rnia.<\/p>\n<p>Confiem que aquesta informaci\u00f3 podr\u00e0 servir de base per dissenyar tractaments espec\u00edfics que preserven l&#8217;estat de l&#8217;epiteli corneal despr\u00e9s accidents, cirurgia de reempla\u00e7ament i malalties gen\u00e8tiques o inflamat\u00f2ries de el sistema nervi\u00f3s perif\u00e8ric.<\/p>\n<p>Els objectius espec\u00edfics s\u00f3n:<\/p>\n<p><strong>Objectiu 1.<\/strong> Explorar els mecanismes moleculars i cel\u00b7lulars pels quals les c\u00e8l\u00b7lules epitelials de la c\u00f2rnia contribueixen a la superviv\u00e8ncia axonal i la regeneraci\u00f3 nerviosa despr\u00e9s d&#8217;una lesi\u00f3.<br \/>\n<strong>Objectiu 2.<\/strong> Determinar l&#8217;efic\u00e0cia de l&#8217;tractament t\u00f2pic amb una o diverses citocines amb activitat neurotr\u00f2fica sobre la regeneraci\u00f3 dels nervis cornials despr\u00e9s de la lesi\u00f3 quir\u00fargica de la c\u00f2rnia.<br \/>\n<strong>Objectiu 3.<\/strong> Determinar l&#8217;efic\u00e0cia de l&#8217;tractament t\u00f2pic amb una o diverses mol\u00e8cules amb activitat neurotr\u00f2fica per mantenir l&#8217;estat tr\u00f2fic de la c\u00f2rnia lesionada, aix\u00ed com una taxa de lacrimaci\u00f3 i un reflex de parpalleig normals.<br \/>\n<strong>Objectiu 4.<\/strong> Obtindre ratolins modificats gen\u00e8ticament que serveixin com a eina per a l&#8217;estudi de el paper que tenen les c\u00e8l\u00b7lules de Schwann no mielinitzants en la biologia i la fisiopatologia de la c\u00f2rnia.<\/p>","protected":false},"excerpt":{"rendered":"<p>L&#8217;objectiu d&#8217;aquest projecte \u00e9s determinar els mecanismes que controlen la reinnervaci\u00f3 de la c\u00f2rnia despr\u00e9s de lesions espont\u00e0nies o indu\u00efdes (cirurgia ocular), aix\u00ed com el paper que en aquesta tenen les c\u00e8l\u00b7lules epitelials de la c\u00f2rnia. Utilitzant aquesta informaci\u00f3 tractarem d&#8217;implementar aproximacions terap\u00e8utiques noves que milloren la reinnervaci\u00f3 i l&#8217;estat de l&#8217;epiteli corneal despr\u00e9s de [&#8230;]<\/p>\n","protected":false},"author":435,"featured_media":0,"parent":0,"menu_order":0,"comment_status":"closed","ping_status":"closed","template":"","meta":{"_links_to":"","_links_to_target":""},"_links":{"self":[{"href":"https:\/\/corner.umh.es\/ca\/wp-json\/wp\/v2\/pages\/32"}],"collection":[{"href":"https:\/\/corner.umh.es\/ca\/wp-json\/wp\/v2\/pages"}],"about":[{"href":"https:\/\/corner.umh.es\/ca\/wp-json\/wp\/v2\/types\/page"}],"author":[{"embeddable":true,"href":"https:\/\/corner.umh.es\/ca\/wp-json\/wp\/v2\/users\/435"}],"replies":[{"embeddable":true,"href":"https:\/\/corner.umh.es\/ca\/wp-json\/wp\/v2\/comments?post=32"}],"version-history":[{"count":0,"href":"https:\/\/corner.umh.es\/ca\/wp-json\/wp\/v2\/pages\/32\/revisions"}],"wp:attachment":[{"href":"https:\/\/corner.umh.es\/ca\/wp-json\/wp\/v2\/media?parent=32"}],"curies":[{"name":"wp","href":"https:\/\/api.w.org\/{rel}","templated":true}]}}