{"id":11,"date":"2019-03-20T14:08:08","date_gmt":"2019-03-20T14:08:08","guid":{"rendered":"http:\/\/corner.zeus.umh.es\/presentacion\/"},"modified":"2021-10-01T20:15:49","modified_gmt":"2021-10-01T18:15:49","slug":"presentacion","status":"publish","type":"page","link":"https:\/\/corner.umh.es\/ca\/presentacion\/","title":{"rendered":"Presentaci\u00f3"},"content":{"rendered":"<p>La c\u00f2rnia \u00e9s un dels teixits m\u00e9s innervats de el cos. Aquesta innervaci\u00f3, fonamentalment sensorial, t\u00e9 al seu torn una notable influ\u00e8ncia sobre l&#8217;estat tr\u00f2fic de la resta de tipus cel\u00b7lulars que conformen la c\u00f2rnia. Tant \u00e9s aix\u00ed que les malalties o accidents que cursen amb denervaci\u00f3 comprometen la integritat de el teixit i deriven en queratitis neuroparal\u00edtica, un quadre cl\u00ednic que cursa amb \u00falceres cornials, dolor ocular i problemes visuals per p\u00e8rdua de la transpar\u00e8ncia de la c\u00f2rnia. D&#8217;altra banda, les c\u00e8l\u00b7lules epitelials de la c\u00f2rnia tenen tamb\u00e9 un efecte important en la superviv\u00e8ncia de les terminacions nervioses. De fet ha estat demostrat recentment que les c\u00e8l\u00b7lules epitelials corneals substitueixen les c\u00e8l\u00b7lules de Schwann en les seues funcions tr\u00f2fiques i de suport axonal en aquest teixit.<\/p>\n<p>El projecte CORNER (corneal Nerve Regeneration after injury and surgey) planteja explorar en detall els mecanismes cel\u00b7lulars i moleculars de senyalitzaci\u00f3 que s&#8217;estableixen entre les terminacions nervioses sensorials i els diferents components cel\u00b7lulars de la c\u00f2rnia (amb especial atenci\u00f3 a l&#8217;epiteli corneal). Per a aix\u00f2 utilitzarem cultius cel\u00b7lulars de neurones sensorials i c\u00e8l\u00b7lules epitelials corneals, explants de ganglis trig\u00e8mins aix\u00ed com les m\u00e9s modernes tecnologies de seq\u00fcenciaci\u00f3 massiva com el RNA-seq. Aix\u00f2 ens permetr\u00e0 identificar factors neurotr\u00f2fics produ\u00efts per la c\u00f2rnia. A continuaci\u00f3, assagarem la capacitat d&#8217;aquests factors (aix\u00ed com la d&#8217;altres candidats previaments descrits) per estimular la reinnervaci\u00f3 corneal i millorar l&#8217;estat tr\u00f2fic de la c\u00f2rnia despr\u00e9s de la denervaci\u00f3. A m\u00e9s de la seua aplicaci\u00f3 en el cas concret de les patologies oculars, confiem que els nostres troballes serviran tamb\u00e9 de base per desenvolupar nous tractaments farmacol\u00f2gics que protegeixin diferents teixits (pell, m\u00fascul, etc.) despr\u00e9s accidents, cirurgia i malalties gen\u00e8tiques o inflamat\u00f2ries de el sistema nervi\u00f3s perif\u00e8ric.<\/p>","protected":false},"excerpt":{"rendered":"<p>P\u00e1gina de presentaci\u00f3n de la unidad organizativa<\/p>\n","protected":false},"author":1,"featured_media":0,"parent":0,"menu_order":0,"comment_status":"closed","ping_status":"open","template":"","meta":{"_links_to":"","_links_to_target":""},"_links":{"self":[{"href":"https:\/\/corner.umh.es\/ca\/wp-json\/wp\/v2\/pages\/11"}],"collection":[{"href":"https:\/\/corner.umh.es\/ca\/wp-json\/wp\/v2\/pages"}],"about":[{"href":"https:\/\/corner.umh.es\/ca\/wp-json\/wp\/v2\/types\/page"}],"author":[{"embeddable":true,"href":"https:\/\/corner.umh.es\/ca\/wp-json\/wp\/v2\/users\/1"}],"replies":[{"embeddable":true,"href":"https:\/\/corner.umh.es\/ca\/wp-json\/wp\/v2\/comments?post=11"}],"version-history":[{"count":0,"href":"https:\/\/corner.umh.es\/ca\/wp-json\/wp\/v2\/pages\/11\/revisions"}],"wp:attachment":[{"href":"https:\/\/corner.umh.es\/ca\/wp-json\/wp\/v2\/media?parent=11"}],"curies":[{"name":"wp","href":"https:\/\/api.w.org\/{rel}","templated":true}]}}